{"id":34,"date":"2020-08-10T10:51:17","date_gmt":"2020-08-10T08:51:17","guid":{"rendered":"https:\/\/elitecad.org\/web\/?page_id=34"},"modified":"2025-01-09T14:31:03","modified_gmt":"2025-01-09T13:31:03","slug":"software","status":"publish","type":"page","link":"https:\/\/elitecad.org\/web\/software\/","title":{"rendered":"Software"},"content":{"rendered":"<div id=\"pl-34\"  class=\"panel-layout\" ><div id=\"pg-34-0\"  class=\"panel-grid panel-no-style\" ><div id=\"pgc-34-0-0\"  class=\"panel-grid-cell\" ><div id=\"panel-34-0-0-0\" class=\"so-panel widget widget_sow-editor panel-first-child panel-last-child\" data-index=\"0\" ><div\n\t\t\t\n\t\t\tclass=\"so-widget-sow-editor so-widget-sow-editor-base\"\n\t\t\t\n\t\t>\n<div class=\"siteorigin-widget-tinymce textwidget\">\n\t<p><img decoding=\"async\" loading=\"lazy\" class=\"alignnone size-full wp-image-25\" src=\"https:\/\/elitecad.org\/web\/wp-content\/uploads\/2020\/08\/elitecad-xeometric.jpg\" alt=\"\" width=\"285\" height=\"51\" \/><\/p>\n<p>Modellorientierte 3D-CAD Software f\u00fcr Architektur und Innenarchitektur. BIM-Technologie, Bauk\u00f6rper und Gescho\u00dfverwaltung. Bauteilparametrik f\u00fcr alle Architekturbauteile.<br \/>\nDarstellungstiefen abh\u00e4ngig vom Ma\u00dfstab.<\/p>\n<p><strong>Schnittstellen:<\/strong><br \/>\nDXF2D, DXF3D, DWG2D, DWG3D, PNG, WRL, TIFF, JPEG, BMP, CLIPBOARD, IFC-2x3, IFC 4, 3DS, U3D, PDF, PDF3D, Sketchup (SKP), STL (3D Druck)<\/p>\n<p><strong>Unterst\u00fctze Betriebsysteme:<\/strong><br \/>\nWindows\u00ae 10 64 Bit<br \/>\nWindows\u00ae 11 64 Bit<\/p>\n<p><strong>Verf\u00fcgbare Sprachen:<\/strong><br \/>\nDeutsch, Englisch, Franz\u00f6sisch, Polnisch, Russisch, Griechisch<\/p>\n<p><a href=\"http:\/\/www.elitecad.eu\/de\/elitecad-ar-ars\" target=\"_blank\" rel=\"noopener noreferrer\">Zur Software<\/a><\/p>\n<\/div>\n<\/div><\/div><\/div><div id=\"pgc-34-0-1\"  class=\"panel-grid-cell\" ><div id=\"panel-34-0-1-0\" class=\"so-panel widget widget_sow-slider panel-first-child panel-last-child\" data-index=\"1\" ><div\n\t\t\t\n\t\t\tclass=\"so-widget-sow-slider so-widget-sow-slider-default-53fd0f98de19-34\"\n\t\t\t\n\t\t><div class=\"sow-slider-base\" style=\"display: none\"><ul\n\t\t\t\t\tclass=\"sow-slider-images\"\n\t\t\t\t\tdata-settings=\"{&quot;pagination&quot;:true,&quot;speed&quot;:800,&quot;timeout&quot;:8000,&quot;paused&quot;:false,&quot;pause_on_hover&quot;:false,&quot;swipe&quot;:true,&quot;nav_always_show_desktop&quot;:&quot;&quot;,&quot;nav_always_show_mobile&quot;:&quot;&quot;,&quot;breakpoint&quot;:&quot;780px&quot;,&quot;unmute&quot;:false,&quot;anchor&quot;:null}\"\n\t\t\t\t\t\t\t\t\t\tdata-anchor-id=\"\"\n\t\t\t\t>\t\t<li class=\"sow-slider-image  sow-slider-image-cover\" style=\"background-image: url(https:\/\/elitecad.org\/web\/wp-content\/uploads\/2020\/08\/software.jpg)\" >\n\t\t\t\t\t\t\t\t\t<img width=\"451\" height=\"423\" src=\"https:\/\/elitecad.org\/web\/wp-content\/uploads\/2020\/08\/software.jpg\" class=\"sow-slider-background-image skip-lazy\" alt=\"\" decoding=\"async\" loading=\"eager\" srcset=\"https:\/\/elitecad.org\/web\/wp-content\/uploads\/2020\/08\/software.jpg 451w, https:\/\/elitecad.org\/web\/wp-content\/uploads\/2020\/08\/software-300x281.jpg 300w\" sizes=\"(max-width: 451px) 100vw, 451px\" \/>\t\t\t\t\t\t\t\t<\/li>\n\t\t<\/ul>\t\t\t\t<ol class=\"sow-slider-pagination\">\n\t\t\t\t\t\t\t\t\t\t\t<li><a href=\"#\" data-goto=\"0\" aria-label=\"display slide 1\"><\/a><\/li>\n\t\t\t\t\t\t\t\t\t<\/ol>\n\n\t\t\t\t<div class=\"sow-slide-nav sow-slide-nav-next\">\n\t\t\t\t\t<a href=\"#\" data-goto=\"next\" aria-label=\"next slide\" data-action=\"next\">\n\t\t\t\t\t\t<em class=\"sow-sld-icon-thin-right\"><\/em>\n\t\t\t\t\t<\/a>\n\t\t\t\t<\/div>\n\n\t\t\t\t<div class=\"sow-slide-nav sow-slide-nav-prev\">\n\t\t\t\t\t<a href=\"#\" data-goto=\"previous\" aria-label=\"previous slide\" data-action=\"prev\">\n\t\t\t\t\t\t<em class=\"sow-sld-icon-thin-left\"><\/em>\n\t\t\t\t\t<\/a>\n\t\t\t\t<\/div>\n\t\t\t\t<\/div><\/div><\/div><\/div><\/div><\/div>","protected":false},"excerpt":{"rendered":"<p>Modellorientierte 3D-CAD Software f\u00fcr Architektur und Innenarchitektur. BIM-Technologie, Bauk\u00f6rper und Gescho\u00dfverwaltung. Bauteilparametrik f\u00fcr alle Architekturbauteile. Darstellungstiefen abh\u00e4ngig vom Ma\u00dfstab. Schnittstellen: DXF2D, DXF3D, DWG2D, DWG3D, PNG, WRL, TIFF, JPEG, BMP, CLIPBOARD, IFC-2&#215;3, IFC 4, 3DS, U3D, PDF, PDF3D, Sketchup (SKP), STL (3D Druck) Unterst\u00fctze Betriebsysteme: Windows\u00ae 10 64 Bit Windows\u00ae 11 64 Bit Verf\u00fcgbare Sprachen: Deutsch, [&hellip;]<\/p>\n","protected":false},"author":1,"featured_media":0,"parent":0,"menu_order":0,"comment_status":"closed","ping_status":"closed","template":"","meta":[],"_links":{"self":[{"href":"https:\/\/elitecad.org\/web\/wp-json\/wp\/v2\/pages\/34"}],"collection":[{"href":"https:\/\/elitecad.org\/web\/wp-json\/wp\/v2\/pages"}],"about":[{"href":"https:\/\/elitecad.org\/web\/wp-json\/wp\/v2\/types\/page"}],"author":[{"embeddable":true,"href":"https:\/\/elitecad.org\/web\/wp-json\/wp\/v2\/users\/1"}],"replies":[{"embeddable":true,"href":"https:\/\/elitecad.org\/web\/wp-json\/wp\/v2\/comments?post=34"}],"version-history":[{"count":50,"href":"https:\/\/elitecad.org\/web\/wp-json\/wp\/v2\/pages\/34\/revisions"}],"predecessor-version":[{"id":521,"href":"https:\/\/elitecad.org\/web\/wp-json\/wp\/v2\/pages\/34\/revisions\/521"}],"wp:attachment":[{"href":"https:\/\/elitecad.org\/web\/wp-json\/wp\/v2\/media?parent=34"}],"curies":[{"name":"wp","href":"https:\/\/api.w.org\/{rel}","templated":true}]}}